{"id":2413,"date":"2022-01-31T14:40:13","date_gmt":"2022-01-31T18:40:13","guid":{"rendered":"https:\/\/secondcup.com\/careers\/"},"modified":"2023-11-06T12:12:26","modified_gmt":"2023-11-06T16:12:26","slug":"careers","status":"publish","type":"page","link":"https:\/\/secondcup.com\/en\/careers\/","title":{"rendered":"Careers"},"content":{"rendered":"<p><div class=\"fusion-fullwidth fullwidth-box fusion-builder-row-1 fusion-flex-container gradient-container-1 nonhundred-percent-fullwidth non-hundred-percent-height-scrolling\" style=\"--link_color: #fed141;--awb-border-radius-top-left:0px;--awb-border-radius-top-right:0px;--awb-border-radius-bottom-right:0px;--awb-border-radius-bottom-left:0px;--awb-margin-top:50px;--awb-margin-bottom:50px;--awb-flex-wrap:wrap;\" ><div class=\"fusion-builder-row fusion-row fusion-flex-align-items-center fusion-flex-justify-content-center fusion-flex-content-wrap\" style=\"max-width:1248px;margin-left: calc(-4% \/ 2 );margin-right: calc(-4% \/ 2 );\"><div class=\"fusion-layout-column fusion_builder_column fusion-builder-column-0 fusion_builder_column_1_2 1_2 fusion-flex-column\" style=\"--awb-bg-size:cover;--awb-width-large:50%;--awb-margin-top-large:0px;--awb-spacing-right-large:3.84%;--awb-margin-bottom-large:0px;--awb-spacing-left-large:3.84%;--awb-width-medium:100%;--awb-order-medium:0;--awb-spacing-right-medium:1.92%;--awb-spacing-left-medium:1.92%;--awb-width-small:100%;--awb-order-small:0;--awb-spacing-right-small:1.92%;--awb-spacing-left-small:1.92%;\"><div class=\"fusion-column-wrapper fusion-column-has-shadow fusion-flex-justify-content-flex-start fusion-content-layout-column\"><div class=\"fusion-image-element \" style=\"--awb-caption-title-font-family:var(--h2_typography-font-family);--awb-caption-title-font-weight:var(--h2_typography-font-weight);--awb-caption-title-font-style:var(--h2_typography-font-style);--awb-caption-title-size:var(--h2_typography-font-size);--awb-caption-title-transform:var(--h2_typography-text-transform);--awb-caption-title-line-height:var(--h2_typography-line-height);--awb-caption-title-letter-spacing:var(--h2_typography-letter-spacing);\"><span class=\" fusion-imageframe imageframe-none imageframe-1 hover-type-none\"><img decoding=\"async\" width=\"600\" height=\"600\" title=\"SC_WEBSITE_CAREERS-600X600\" src=\"https:\/\/secondcup.com\/wp-content\/uploads\/2023\/11\/SC_WEBSITE_CAREERS-600X600.jpg\" alt class=\"img-responsive wp-image-5580\" srcset=\"https:\/\/secondcup.com\/wp-content\/uploads\/2023\/11\/SC_WEBSITE_CAREERS-600X600-200x200.jpg 200w, https:\/\/secondcup.com\/wp-content\/uploads\/2023\/11\/SC_WEBSITE_CAREERS-600X600-400x400.jpg 400w, https:\/\/secondcup.com\/wp-content\/uploads\/2023\/11\/SC_WEBSITE_CAREERS-600X600.jpg 600w\" sizes=\"(max-width: 640px) 100vw, 600px\" \/><\/span><\/div><\/div><\/div><div class=\"fusion-layout-column fusion_builder_column fusion-builder-column-1 fusion_builder_column_1_2 1_2 fusion-flex-column\" style=\"--awb-bg-size:cover;--awb-width-large:50%;--awb-margin-top-large:0px;--awb-spacing-right-large:3.84%;--awb-margin-bottom-large:0px;--awb-spacing-left-large:3.84%;--awb-width-medium:100%;--awb-order-medium:0;--awb-margin-top-medium:50px;--awb-spacing-right-medium:1.92%;--awb-spacing-left-medium:1.92%;--awb-width-small:100%;--awb-order-small:0;--awb-spacing-right-small:1.92%;--awb-spacing-left-small:1.92%;\"><div class=\"fusion-column-wrapper fusion-column-has-shadow fusion-flex-justify-content-flex-start fusion-content-layout-column\"><div class=\"fusion-title title fusion-title-1 fusion-sep-none fusion-title-text fusion-title-size-one\"><h1 class=\"fusion-title-heading title-heading-left fusion-responsive-typography-calculated\" style=\"margin:0;--fontSize:40;line-height:1.16;\">Careers<\/h1><\/div><div class=\"fusion-text fusion-text-1 md-text-align-left sm-text-align-left\"><p>At Second Cup, we believe our people are our most valuable asset and we strive to make the work environment meaningful and enjoyable. With over 360 caf\u00e9s and growing, there are always opportunities available. Second Cup in-caf\u00e9 staff enjoy a fun, sophisticated, and rewarding work environment and are given the opportunity to make a difference in someone\u2019s day, every day. Among the many qualities we look for in applicants are a positive attitude, confidence, flexibility, a team player attitude and, of course, a passion for coffee. In-caf\u00e9 staff are employed by the Franchise Partner who provides extensive online and in-caf\u00e9 training.<\/p>\n<\/div><\/div><\/div><\/div><\/div><div class=\"fusion-fullwidth fullwidth-box fusion-builder-row-2 fusion-flex-container gradient-container-2 nonhundred-percent-fullwidth non-hundred-percent-height-scrolling\" style=\"--link_color: #fed141;--awb-border-radius-top-left:0px;--awb-border-radius-top-right:0px;--awb-border-radius-bottom-right:0px;--awb-border-radius-bottom-left:0px;--awb-margin-top:100px;--awb-margin-bottom:50px;--awb-margin-top-medium:50px;--awb-margin-top-small:50px;--awb-flex-wrap:wrap;\" ><div class=\"fusion-builder-row fusion-row fusion-flex-align-items-center fusion-flex-justify-content-center fusion-flex-content-wrap\" style=\"max-width:1248px;margin-left: calc(-4% \/ 2 );margin-right: calc(-4% \/ 2 );\"><div class=\"fusion-layout-column fusion_builder_column fusion-builder-column-2 fusion_builder_column_1_1 1_1 fusion-flex-column\" style=\"--awb-bg-size:cover;--awb-width-large:100%;--awb-margin-top-large:0px;--awb-spacing-right-large:1.92%;--awb-margin-bottom-large:0px;--awb-spacing-left-large:1.92%;--awb-width-medium:100%;--awb-order-medium:0;--awb-spacing-right-medium:1.92%;--awb-spacing-left-medium:1.92%;--awb-width-small:100%;--awb-order-small:0;--awb-spacing-right-small:1.92%;--awb-spacing-left-small:1.92%;\"><div class=\"fusion-column-wrapper fusion-column-has-shadow fusion-flex-justify-content-flex-start fusion-content-layout-column\">\n<div class=\"wpcf7 no-js\" id=\"wpcf7-f3552-o1\" lang=\"en-CA\" dir=\"ltr\" data-wpcf7-id=\"3552\">\n<div class=\"screen-reader-response\"><p role=\"status\" aria-live=\"polite\" aria-atomic=\"true\"><\/p> <ul><\/ul><\/div>\n<form action=\"\/en\/wp-json\/wp\/v2\/pages\/2413#wpcf7-f3552-o1\" method=\"post\" class=\"wpcf7-form init\" aria-label=\"Contact form\" enctype=\"multipart\/form-data\" novalidate=\"novalidate\" data-status=\"init\">\n<fieldset class=\"hidden-fields-container\"><input type=\"hidden\" name=\"_wpcf7\" value=\"3552\" \/><input type=\"hidden\" name=\"_wpcf7_version\" value=\"6.1.5\" \/><input type=\"hidden\" name=\"_wpcf7_locale\" value=\"en_CA\" \/><input type=\"hidden\" name=\"_wpcf7_unit_tag\" value=\"wpcf7-f3552-o1\" \/><input type=\"hidden\" name=\"_wpcf7_container_post\" value=\"0\" \/><input type=\"hidden\" name=\"_wpcf7_posted_data_hash\" value=\"\" \/><input type=\"hidden\" name=\"_wpcf7_recaptcha_response\" value=\"\" \/>\n<\/fieldset>\n<div class=\"one-half\">\n\t<p><span class=\"wpcf7-form-control-wrap\" data-name=\"first-name\"><input size=\"40\" maxlength=\"400\" class=\"wpcf7-form-control wpcf7-text wpcf7-validates-as-required\" aria-required=\"true\" aria-invalid=\"false\" placeholder=\"First Name*\" value=\"\" type=\"text\" name=\"first-name\" \/><\/span>\n\t<\/p>\n<\/div>\n<div class=\"one-half last\">\n\t<p><span class=\"wpcf7-form-control-wrap\" data-name=\"last-name\"><input size=\"40\" maxlength=\"400\" class=\"wpcf7-form-control wpcf7-text wpcf7-validates-as-required\" aria-required=\"true\" aria-invalid=\"false\" placeholder=\"Last Name*\" value=\"\" type=\"text\" name=\"last-name\" \/><\/span>\n\t<\/p>\n<\/div>\n<div class=\"one-half\">\n\t<p><span class=\"wpcf7-form-control-wrap\" data-name=\"email\"><input size=\"40\" maxlength=\"400\" class=\"wpcf7-form-control wpcf7-email wpcf7-validates-as-required wpcf7-text wpcf7-validates-as-email\" aria-required=\"true\" aria-invalid=\"false\" placeholder=\"Email*\" value=\"\" type=\"email\" name=\"email\" \/><\/span>\n\t<\/p>\n<\/div>\n<div class=\"one-half last\">\n\t<p><span class=\"wpcf7-form-control-wrap\" data-name=\"phone\"><input size=\"40\" maxlength=\"400\" class=\"wpcf7-form-control wpcf7-text\" aria-invalid=\"false\" placeholder=\"Phone #\" value=\"\" type=\"text\" name=\"phone\" \/><\/span>\n\t<\/p>\n<\/div>\n<p><span class=\"wpcf7-form-control-wrap\" data-name=\"your-message\"><textarea cols=\"40\" rows=\"10\" maxlength=\"2000\" class=\"wpcf7-form-control wpcf7-textarea wpcf7-validates-as-required\" aria-required=\"true\" aria-invalid=\"false\" placeholder=\"Message*\" name=\"your-message\"><\/textarea><\/span>\n<\/p>\n<p>Select a restaurant*<br \/>\n<span class=\"wpcf7-form-control-wrap\" data-name=\"location\"><select class=\"wpcf7-form-control wpcf7-select wpcf7-validates-as-required\" aria-required=\"true\" aria-invalid=\"false\" name=\"location\"><option value=\"\">&#8212;Please choose an option&#8212;<\/option><option value=\"Anjou- Galeries d&#039;Anjou\">Anjou- Galeries d&#039;Anjou<\/option><option value=\"Banff - Cascade Plaza\">Banff - Cascade Plaza<\/option><option value=\"Barrie - Petro Canada Barrie\">Barrie - Petro Canada Barrie<\/option><option value=\"Bedford - Sunnyside Mall\">Bedford - Sunnyside Mall<\/option><option value=\"Bellville - Esso\">Bellville - Esso<\/option><option value=\"Brampton - Bramalea City Centre\">Brampton - Bramalea City Centre<\/option><option value=\"Brampton Corners (Toto)\">Brampton Corners (Toto)<\/option><option value=\"Burlington - 901 Brant Street\">Burlington - 901 Brant Street<\/option><option value=\"Calgary - Braeside Shopping Centre\">Calgary - Braeside Shopping Centre<\/option><option value=\"Calgary - Fifth Avenue Place 1\">Calgary - Fifth Avenue Place 1<\/option><option value=\"Calgary - Gulf Canada Square\">Calgary - Gulf Canada Square<\/option><option value=\"Calgary - Killarney Crossing\">Calgary - Killarney Crossing<\/option><option value=\"Calgary - Landmark Centre\">Calgary - Landmark Centre<\/option><option value=\"Calgary - Mahogany Village\">Calgary - Mahogany Village<\/option><option value=\"Calgary - Market Mall\">Calgary - Market Mall<\/option><option value=\"Calgary - McKenzie Towne Centre\">Calgary - McKenzie Towne Centre<\/option><option value=\"Calgary - Peter Lougheed Hospital\">Calgary - Peter Lougheed Hospital<\/option><option value=\"Calgary - SAIT (Southern Alberta Institute of Technology)\">Calgary - SAIT (Southern Alberta Institute of Technology)<\/option><option value=\"Calgary - Signal Hill\">Calgary - Signal Hill<\/option><option value=\"Calgary - Sunridge Corner\">Calgary - Sunridge Corner<\/option><option value=\"Dartmouth - Crossing\">Dartmouth - Crossing<\/option><option value=\"Dartmouth - Portland Street\">Dartmouth - Portland Street<\/option><option value=\"Dieppe Boulevard\">Dieppe Boulevard<\/option><option value=\"Edmonton - 101st &amp; Gretzky - Capilano Corner\">Edmonton - 101st &amp; Gretzky - Capilano Corner<\/option><option value=\"Edmonton - Canadian Western Bank\">Edmonton - Canadian Western Bank<\/option><option value=\"Edmonton - Coronation Corner\">Edmonton - Coronation Corner<\/option><option value=\"Edmonton - Gateway Plaza\">Edmonton - Gateway Plaza<\/option><option value=\"Edmonton - Hollick Kenyon\">Edmonton - Hollick Kenyon<\/option><option value=\"Edmonton - Mayfield Common\">Edmonton - Mayfield Common<\/option><option value=\"Edmonton - Oliver Square\">Edmonton - Oliver Square<\/option><option value=\"Edmonton - Public Library\">Edmonton - Public Library<\/option><option value=\"Edmonton - South Edmonton Common\">Edmonton - South Edmonton Common<\/option><option value=\"Edmonton - Telus Plaza Concourse\">Edmonton - Telus Plaza Concourse<\/option><option value=\"Edmonton - Terra Losa Shopping Centre\">Edmonton - Terra Losa Shopping Centre<\/option><option value=\"Edmonton - Terwillegar Recreational Centre\">Edmonton - Terwillegar Recreational Centre<\/option><option value=\"Edmonton - University Terrace\">Edmonton - University Terrace<\/option><option value=\"Edmonton - WEM II - Bourbon Street\">Edmonton - WEM II - Bourbon Street<\/option><option value=\"Fort McMurray\">Fort McMurray<\/option><option value=\"Fredericton - Prospect Street\">Fredericton - Prospect Street<\/option><option value=\"Gatineau - Canadian Museum of History\">Gatineau - Canadian Museum of History<\/option><option value=\"Gatineau - Greber\">Gatineau - Greber<\/option><option value=\"Gatineau - Promenades de Gatineau\">Gatineau - Promenades de Gatineau<\/option><option value=\"Grande Prairie - Eastlink Centre\">Grande Prairie - Eastlink Centre<\/option><option value=\"Halifax - Bayers Lake\">Halifax - Bayers Lake<\/option><option value=\"Halifax - Dalhousie University 1 - Killiam\">Halifax - Dalhousie University 1 - Killiam<\/option><option value=\"Halton Hills - Toronto Premium Outlets\">Halton Hills - Toronto Premium Outlets<\/option><option value=\"Hamilton - Lime Ridge Mall\">Hamilton - Lime Ridge Mall<\/option><option value=\"Hamilton - McMaster University\">Hamilton - McMaster University<\/option><option value=\"Hamilton - Westdale\">Hamilton - Westdale<\/option><option value=\"Kanata - 486 Hazeldean Rd\">Kanata - 486 Hazeldean Rd<\/option><option value=\"Keswick - Petro Canada Keswick\">Keswick - Petro Canada Keswick<\/option><option value=\"Lacombe - Henderson Way\">Lacombe - Henderson Way<\/option><option value=\"Laval - Carrefour Laval\">Laval - Carrefour Laval<\/option><option value=\"Laval - Mega Centre Laval\">Laval - Mega Centre Laval<\/option><option value=\"Lloydminster - 50th Ave.\">Lloydminster - 50th Ave.<\/option><option value=\"Markham - Main Street\">Markham - Main Street<\/option><option value=\"Mississauga - Heartland Centre\">Mississauga - Heartland Centre<\/option><option value=\"Mississauga - Living Arts\">Mississauga - Living Arts<\/option><option value=\"Mississauga - Market Place\">Mississauga - Market Place<\/option><option value=\"Mississauga - Mavis &amp; Central Parkway\">Mississauga - Mavis &amp; Central Parkway<\/option><option value=\"Mississauga - U of T Mississauga\">Mississauga - U of T Mississauga<\/option><option value=\"Moncton - Gorge Road\">Moncton - Gorge Road<\/option><option value=\"Montr\u00e9al - 5550 Av De Monkland\">Montr\u00e9al - 5550 Av De Monkland<\/option><option value=\"Montr\u00e9al - 2200 Avenue McGill College\">Montr\u00e9al - 2200 Avenue McGill College<\/option><option value=\"Montr\u00e9al - Centennial Plaza\">Montr\u00e9al - Centennial Plaza<\/option><option value=\"Montr\u00e9al - Centre Pierrefonds\">Montr\u00e9al - Centre Pierrefonds<\/option><option value=\"Montr\u00e9al - 5206 C\u00f4tes des Neiges\">Montr\u00e9al - 5206 C\u00f4tes des Neiges<\/option><option value=\"Montr\u00e9al - Fairview Pointe Claire\">Montr\u00e9al - Fairview Pointe Claire<\/option><option value=\"Montr\u00e9al - Gare Centrale\">Montr\u00e9al - Gare Centrale<\/option><option value=\"Montr\u00e9al - Hopital G\u00e9n\u00e9ral Juif, Pavillon E\">Montr\u00e9al - Hopital G\u00e9n\u00e9ral Juif, Pavillon E<\/option><option value=\"Montr\u00e9al - Hopital G\u00e9n\u00e9ral Juif, Pavillon K\">Montr\u00e9al - Hopital G\u00e9n\u00e9ral Juif, Pavillon K<\/option><option value=\"Montr\u00e9al - La Tour du Faubourg\">Montr\u00e9al - La Tour du Faubourg<\/option><option value=\"Montr\u00e9al - Loyola\">Montr\u00e9al - Loyola<\/option><option value=\"Montr\u00e9al - Metro McGill\">Montr\u00e9al - Metro McGill<\/option><option value=\"Montr\u00e9al - 1648 Mont Royal Est\">Montr\u00e9al - 1648 Mont Royal Est<\/option><option value=\"Montr\u00e9al - Nun&#039;s Island\">Montr\u00e9al - Nun&#039;s Island<\/option><option value=\"Montr\u00e9al - Phillips Square\">Montr\u00e9al - Phillips Square<\/option><option value=\"Montr\u00e9al - Place Versailles\">Montr\u00e9al - Place Versailles<\/option><option value=\"Montr\u00e9al - 5071 Queen Mary\">Montr\u00e9al - 5071 Queen Mary<\/option><option value=\"Montr\u00e9al - 1166 Ste Catherine\">Montr\u00e9al - 1166 Ste Catherine<\/option><option value=\"Montr\u00e9al - 1551 St-Denis\">Montr\u00e9al - 1551 St-Denis<\/option><option value=\"Montr\u00e9al - 3801 St-Laurent\">Montr\u00e9al - 3801 St-Laurent<\/option><option value=\"Montr\u00e9al - Van Horne &amp; Victoria\">Montr\u00e9al - Van Horne &amp; Victoria<\/option><option value=\"Nepean - Barrhaven Town Centre\">Nepean - Barrhaven Town Centre<\/option><option value=\"Nepean - Viewmont Centre (Merivale Shopping Centre)\">Nepean - Viewmont Centre (Merivale Shopping Centre)<\/option><option value=\"Newmarket - Petro Canada Newmarket\">Newmarket - Petro Canada Newmarket<\/option><option value=\"Newmarket - Woodland Hills Centre\">Newmarket - Woodland Hills Centre<\/option><option value=\"North York - Wilson &amp; Dufferin\">North York - Wilson &amp; Dufferin<\/option><option value=\"Oakville - 245 Lakeshore Rd E\">Oakville - 245 Lakeshore Rd E<\/option><option value=\"Orleans - 10th Line\">Orleans - 10th Line<\/option><option value=\"Ottawa - Bayshore Shopping Centre\">Ottawa - Bayshore Shopping Centre<\/option><option value=\"Ottawa - Cafe Fauteaux - TEMPORARILY CLOSED\">Ottawa - Cafe Fauteaux - TEMPORARILY CLOSED<\/option><option value=\"Ottawa - Carleton University - Canal Building - TEMPORARILY CLOSED\">Ottawa - Carleton University - Canal Building - TEMPORARILY CLOSED<\/option><option value=\"Ottawa - Carlingwood Shopping Centre\">Ottawa - Carlingwood Shopping Centre<\/option><option value=\"Ottawa - Civic Hospital\">Ottawa - Civic Hospital<\/option><option value=\"Ottawa - Esso\">Ottawa - Esso<\/option><option value=\"Ottawa - General Hospital\">Ottawa - General Hospital<\/option><option value=\"Ottawa - Heron Park\">Ottawa - Heron Park<\/option><option value=\"Ottawa - Hunt Club Place\">Ottawa - Hunt Club Place<\/option><option value=\"Ottawa - 99 Metcalfe Street\">Ottawa - 99 Metcalfe Street<\/option><option value=\"Ottawa - Morisset Library - TEMPORARILY CLOSED\">Ottawa - Morisset Library - TEMPORARILY CLOSED<\/option><option value=\"Ottawa - Rideau Centre\">Ottawa - Rideau Centre<\/option><option value=\"Ottawa - St Laurent Shopping Mall\">Ottawa - St Laurent Shopping Mall<\/option><option value=\"Ottawa - University of Ottawa\">Ottawa - University of Ottawa<\/option><option value=\"Ottawa - 1235 Wellington Street West\">Ottawa - 1235 Wellington Street West<\/option><option value=\"Ottawa - Westgate Shopping Centre\">Ottawa - Westgate Shopping Centre<\/option><option value=\"Outremont - 1275 Avenue Bernard\">Outremont - 1275 Avenue Bernard<\/option><option value=\"Pickering - Steeple Hill Shopping Centre\">Pickering - Steeple Hill Shopping Centre<\/option><option value=\"Prince George - Parkwood Place\">Prince George - Parkwood Place<\/option><option value=\"Prince George - Prestige Hotel and Resort\">Prince George - Prestige Hotel and Resort<\/option><option value=\"Qu\u00e9bec - Complexe IGA des Sources - Cap rouge\">Qu\u00e9bec - Complexe IGA des Sources - Cap rouge<\/option><option value=\"Qu\u00e9bec - Place d&#039;Youville\">Qu\u00e9bec - Place d&#039;Youville<\/option><option value=\"Qu\u00e9bec - Place Laurier\">Qu\u00e9bec - Place Laurier<\/option><option value=\"Qu\u00e9bec - Place Navilles\">Qu\u00e9bec - Place Navilles<\/option><option value=\"Quispamsis - Millenium Drive\">Quispamsis - Millenium Drive<\/option><option value=\"Red Deer - Southpointe Common\">Red Deer - Southpointe Common<\/option><option value=\"Regina - Quance Street\">Regina - Quance Street<\/option><option value=\"Regina - 5542 Rochdale Blvd\">Regina - 5542 Rochdale Blvd<\/option><option value=\"Repentigny - Galeries Rive Nord\">Repentigny - Galeries Rive Nord<\/option><option value=\"Rocky View - CrossIron Mills Shopping Centre\">Rocky View - CrossIron Mills Shopping Centre<\/option><option value=\"Rosem\u00e8re - 392 Boul. Labelle\">Rosem\u00e8re - 392 Boul. Labelle<\/option><option value=\"Saskatoon\">Saskatoon<\/option><option value=\"Shediac\">Shediac<\/option><option value=\"Sherwood Park - Millenium Place\">Sherwood Park - Millenium Place<\/option><option value=\"Sherwood Town Square\">Sherwood Town Square<\/option><option value=\"St. Albert - Inglewood Town Square\">St. Albert - Inglewood Town Square<\/option><option value=\"St-Basile-le-Grand\">St-Basile-le-Grand<\/option><option value=\"St-Bruno - Promenade St Bruno\">St-Bruno - Promenade St Bruno<\/option><option value=\"St-Bruno - Village St-Bruno\">St-Bruno - Village St-Bruno<\/option><option value=\"St. John&#039;s - Avalon Mall\">St. John&#039;s - Avalon Mall<\/option><option value=\"St. John&#039;s - Stavanger Plaza\">St. John&#039;s - Stavanger Plaza<\/option><option value=\"St. John - Centrebeam Place\">St. John - Centrebeam Place<\/option><option value=\"St. John - East Point Shopping, Indigo\">St. John - East Point Shopping, Indigo<\/option><option value=\"Ste-Julie\">Ste-Julie<\/option><option value=\"St-Laurent - Marcel Laurin\">St-Laurent - Marcel Laurin<\/option><option value=\"Surrey - Surrey Memorial Hospital\">Surrey - Surrey Memorial Hospital<\/option><option value=\"Terrebonne (with Chocolato)\">Terrebonne (with Chocolato)<\/option><option value=\"Toronto - 777 Bay Street\">Toronto - 777 Bay Street<\/option><option value=\"Toronto - 1000 Bay Street\">Toronto - 1000 Bay Street<\/option><option value=\"Toronto - 2340 Bloor Street West\">Toronto - 2340 Bloor Street West<\/option><option value=\"Toronto - Centennial College\">Toronto - Centennial College<\/option><option value=\"Toronto - 544 Church Street\">Toronto - 544 Church Street<\/option><option value=\"Toronto - 179 College Street\">Toronto - 179 College Street<\/option><option value=\"Toronto - Commerce Court\">Toronto - Commerce Court<\/option><option value=\"Toronto - 355 Danforth Avenue\">Toronto - 355 Danforth Avenue<\/option><option value=\"Toronto - Doctor\u2019s Hospital\">Toronto - Doctor\u2019s Hospital<\/option><option value=\"Toronto - Eaton Centre, Level One\">Toronto - Eaton Centre, Level One<\/option><option value=\"Toronto - Eglinton &amp; Wincott\">Toronto - Eglinton &amp; Wincott<\/option><option value=\"Toronto - Empress Walk\">Toronto - Empress Walk<\/option><option value=\"Toronto - Forest Hill Village\">Toronto - Forest Hill Village<\/option><option value=\"Toronto - Humbertown Shopping Centre\">Toronto - Humbertown Shopping Centre<\/option><option value=\"Toronto - 1050 Islington Ave.\">Toronto - 1050 Islington Ave.<\/option><option value=\"Toronto - 145 King Street West\">Toronto - 145 King Street West<\/option><option value=\"Toronto - 287-289 King Street West\">Toronto - 287-289 King Street West<\/option><option value=\"Toronto - Lawrence Plaza\">Toronto - Lawrence Plaza<\/option><option value=\"Toronto - Metro Toronto Convention Centre\">Toronto - Metro Toronto Convention Centre<\/option><option value=\"Toronto - Mount Sinai Hospital\">Toronto - Mount Sinai Hospital<\/option><option value=\"Toronto - Sheppard Centre\">Toronto - Sheppard Centre<\/option><option value=\"Toronto - Sherway Gardens\">Toronto - Sherway Gardens<\/option><option value=\"Toronto - Stockyards\">Toronto - Stockyards<\/option><option value=\"Toronto - St Joseph\u2019s Hospital\">Toronto - St Joseph\u2019s Hospital<\/option><option value=\"Toronto - St Michael\u2019s Hospital 1\">Toronto - St Michael\u2019s Hospital 1<\/option><option value=\"Toronto - Sunnybrook Hospital\">Toronto - Sunnybrook Hospital<\/option><option value=\"Toronto - The Pinnacle\">Toronto - The Pinnacle<\/option><option value=\"Toronto - U of T - Athletic Centre Harbord Street\">Toronto - U of T - Athletic Centre Harbord Street<\/option><option value=\"Toronto - U of T - CEIE (Myhal Centre for Engineering)\">Toronto - U of T - CEIE (Myhal Centre for Engineering)<\/option><option value=\"Toronto - U of T - Koffler Centre\">Toronto - U of T - Koffler Centre<\/option><option value=\"Toronto - U of T - Leslie Dan Pharmacy Building\">Toronto - U of T - Leslie Dan Pharmacy Building<\/option><option value=\"Toronto - U of T - New College Willcocks St.\">Toronto - U of T - New College Willcocks St.<\/option><option value=\"Toronto - U of T - Rotman\">Toronto - U of T - Rotman<\/option><option value=\"Toronto - U of T - Sidney Smith\">Toronto - U of T - Sidney Smith<\/option><option value=\"Toronto - Western Hospital (University Health Ntwk)\">Toronto - Western Hospital (University Health Ntwk)<\/option><option value=\"Toronto - 1881 Yonge Street\">Toronto - 1881 Yonge Street<\/option><option value=\"Toronto - 2592 Yonge Street\">Toronto - 2592 Yonge Street<\/option><option value=\"Toronto - York Mills Gardens\">Toronto - York Mills Gardens<\/option><option value=\"Vancouver - B.C. Children&#039;s Hospital\">Vancouver - B.C. Children&#039;s Hospital<\/option><option value=\"Winnipeg - Kildonan Place\">Winnipeg - Kildonan Place<\/option><option value=\"Winnipeg - Polo Park\">Winnipeg - Polo Park<\/option><option value=\"Winnipeg - St Vital Centre\">Winnipeg - St Vital Centre<\/option><\/select><\/span>\n<\/p>\n<p><label>Upload your CV<\/label><span class=\"wpcf7-form-control-wrap\" data-name=\"cv\"><input size=\"40\" class=\"wpcf7-form-control wpcf7-file\" accept=\"audio\/*,video\/*,image\/*\" aria-invalid=\"false\" type=\"file\" name=\"cv\" \/><\/span>\n<\/p>\n<p><input class=\"wpcf7-form-control wpcf7-submit has-spinner\" type=\"submit\" value=\"Send\" \/>\n<\/p><p style=\"display: none !important;\" class=\"akismet-fields-container\" data-prefix=\"_wpcf7_ak_\"><label>&#916;<textarea name=\"_wpcf7_ak_hp_textarea\" cols=\"45\" rows=\"8\" maxlength=\"100\"><\/textarea><\/label><input type=\"hidden\" id=\"ak_js_1\" name=\"_wpcf7_ak_js\" value=\"43\"\/><script>document.getElementById( \"ak_js_1\" ).setAttribute( \"value\", ( new Date() ).getTime() );<\/script><\/p><div class=\"fusion-alert alert custom alert-custom fusion-alert-center wpcf7-response-output awb-alert-native-link-color alert-dismissable awb-alert-close-boxed\" style=\"--awb-border-size:1px;--awb-border-top-left-radius:0px;--awb-border-top-right-radius:0px;--awb-border-bottom-left-radius:0px;--awb-border-bottom-right-radius:0px;\" role=\"alert\"><div class=\"fusion-alert-content-wrapper\"><span class=\"fusion-alert-content\"><\/span><\/div><button type=\"button\" class=\"close toggle-alert\" data-dismiss=\"alert\" aria-label=\"Close\">&times;<\/button><\/div>\n<\/form>\n<\/div>\n<\/div><\/div><\/div><\/div><\/p>\n","protected":false},"excerpt":{"rendered":"","protected":false},"author":4,"featured_media":0,"parent":0,"menu_order":0,"comment_status":"closed","ping_status":"closed","template":"","meta":{"_acf_changed":false,"footnotes":""},"class_list":["post-2413","page","type-page","status-publish","hentry"],"acf":[],"_links":{"self":[{"href":"https:\/\/secondcup.com\/en\/wp-json\/wp\/v2\/pages\/2413","targetHints":{"allow":["GET"]}}],"collection":[{"href":"https:\/\/secondcup.com\/en\/wp-json\/wp\/v2\/pages"}],"about":[{"href":"https:\/\/secondcup.com\/en\/wp-json\/wp\/v2\/types\/page"}],"author":[{"embeddable":true,"href":"https:\/\/secondcup.com\/en\/wp-json\/wp\/v2\/users\/4"}],"replies":[{"embeddable":true,"href":"https:\/\/secondcup.com\/en\/wp-json\/wp\/v2\/comments?post=2413"}],"version-history":[{"count":5,"href":"https:\/\/secondcup.com\/en\/wp-json\/wp\/v2\/pages\/2413\/revisions"}],"predecessor-version":[{"id":5583,"href":"https:\/\/secondcup.com\/en\/wp-json\/wp\/v2\/pages\/2413\/revisions\/5583"}],"wp:attachment":[{"href":"https:\/\/secondcup.com\/en\/wp-json\/wp\/v2\/media?parent=2413"}],"curies":[{"name":"wp","href":"https:\/\/api.w.org\/{rel}","templated":true}]}}